{"id":112,"date":"2019-03-11T23:27:53","date_gmt":"2019-03-11T22:27:53","guid":{"rendered":"http:\/\/cavigalski.com\/?page_id=112"},"modified":"2025-12-28T13:35:32","modified_gmt":"2025-12-28T12:35:32","slug":"stage-fevrier-2019","status":"publish","type":"page","link":"http:\/\/cavigalski.com\/?page_id=112","title":{"rendered":"Stages f\u00e9vrier"},"content":{"rendered":"\n<p class=\"has-text-color\" style=\"color:#ff0000\"><strong><strong> <\/strong><br><strong>Du<\/strong> lundi 23 f\u00e9vrier au dimanche 1er mars 2026, <strong>7 jours en pension compl\u00e8te, 5 jours de ski dans les Dolomites (Italie)<\/strong><\/strong><\/p>\n\n\n\n<div data-wp-interactive=\"\" class=\"wp-block-file\"><object data-wp-bind--hidden=\"!selectors.core.file.hasPdfPreview\" hidden class=\"wp-block-file__embed\" data=\"http:\/\/cavigalski.com\/wp-content\/uploads\/2024\/09\/Programme-stage-1-Cavalese-fevrier-2025.pdf\" type=\"application\/pdf\" style=\"width:100%;height:600px\" aria-label=\"Contenu embarqu\u00e9 Programme stage 1 Cavalese f\u00e9vrier 2025.\"><\/object><a id=\"wp-block-file--media-411cfa43-fe80-4232-a151-4c4b26eccd98\" href=\"http:\/\/cavigalski.com\/wp-content\/uploads\/2024\/09\/Programme-stage-1-Cavalese-fevrier-2025.pdf\">Programme stage 1 Cavalese f\u00e9vrier 2025<\/a><a href=\"http:\/\/cavigalski.com\/wp-content\/uploads\/2024\/09\/Programme-stage-1-Cavalese-fevrier-2025.pdf\" class=\"wp-block-file__button wp-element-button\" download aria-describedby=\"wp-block-file--media-411cfa43-fe80-4232-a151-4c4b26eccd98\">T\u00e9l\u00e9charger<\/a><\/div>\n\n\n\n<div data-wp-interactive=\"\" class=\"wp-block-file\"><object data-wp-bind--hidden=\"!selectors.core.file.hasPdfPreview\" hidden class=\"wp-block-file__embed\" data=\"https:\/\/cavigalski.com\/wp-content\/uploads\/2025\/12\/Programme-stage-Cavalese-fevrier-2026.pdf\" type=\"application\/pdf\" style=\"width:100%;height:600px\" aria-label=\"Contenu embarqu\u00e9 Programme-stage-Cavalese-fevrier-2026.\"><\/object><a id=\"wp-block-file--media-411cfa43-fe80-4232-a151-4c4b26eccd98\" href=\"https:\/\/cavigalski.com\/wp-content\/uploads\/2025\/12\/Programme-stage-Cavalese-fevrier-2026.pdf\">Programme-stage-Cavalese-fevrier-2026<\/a><a href=\"https:\/\/cavigalski.com\/wp-content\/uploads\/2025\/12\/Programme-stage-Cavalese-fevrier-2026.pdf\" class=\"wp-block-file__button wp-element-button\" download aria-describedby=\"wp-block-file--media-411cfa43-fe80-4232-a151-4c4b26eccd98\">T\u00e9l\u00e9charger<\/a><\/div>\n\n\n\n<p class=\"has-text-color\" style=\"color:#ff0000\"><strong>Le tr\u00e8s grand domaine skiable (500 Km de pistes) offre la possibilit\u00e9 de skier sur plusieurs stations de ski (Predazzo, Cavalese, Cermis, San Pellegrino, Pampeago) et sur les domaines de La Marmolada et La Sella Ronda (Val di Fassa, Val Gardena, Val Badia, Arabba).<\/strong><\/p>\n\n\n\n<h2 class=\"wp-block-heading\">Documents obligatoires :<\/h2>\n\n\n\n<p class=\"has-text-color\" style=\"color:#ff0000\"><strong>Carte europ\u00e9enne d\u2019assurance maladie (retirer \u00e0 la CPAM )<br>Carte Neige FFS ou FSGT<br>Carte d\u2019identit\u00e9 ou passeport<br>Autorisation de sortie de territoire pour les mineurs<\/strong><\/p>\n","protected":false},"excerpt":{"rendered":"<p>Du lundi 23 f\u00e9vrier au dimanche 1er mars 2026, 7 jours en pension compl\u00e8te, 5 jours de ski dans les Dolomites (Italie) Le tr\u00e8s grand domaine skiable (500 Km de pistes) offre la possibilit\u00e9 de skier sur plusieurs stations de ski (Predazzo, Cavalese, Cermis, San Pellegrino, Pampeago) et sur les<a href=\"http:\/\/cavigalski.com\/?page_id=112\" class=\"read-more\">Read More<\/a><\/p>\n","protected":false},"author":1,"featured_media":0,"parent":0,"menu_order":0,"comment_status":"closed","ping_status":"closed","template":"","meta":{"footnotes":""},"_links":{"self":[{"href":"http:\/\/cavigalski.com\/index.php?rest_route=\/wp\/v2\/pages\/112"}],"collection":[{"href":"http:\/\/cavigalski.com\/index.php?rest_route=\/wp\/v2\/pages"}],"about":[{"href":"http:\/\/cavigalski.com\/index.php?rest_route=\/wp\/v2\/types\/page"}],"author":[{"embeddable":true,"href":"http:\/\/cavigalski.com\/index.php?rest_route=\/wp\/v2\/users\/1"}],"replies":[{"embeddable":true,"href":"http:\/\/cavigalski.com\/index.php?rest_route=%2Fwp%2Fv2%2Fcomments&post=112"}],"version-history":[{"count":21,"href":"http:\/\/cavigalski.com\/index.php?rest_route=\/wp\/v2\/pages\/112\/revisions"}],"predecessor-version":[{"id":2229,"href":"http:\/\/cavigalski.com\/index.php?rest_route=\/wp\/v2\/pages\/112\/revisions\/2229"}],"wp:attachment":[{"href":"http:\/\/cavigalski.com\/index.php?rest_route=%2Fwp%2Fv2%2Fmedia&parent=112"}],"curies":[{"name":"wp","href":"https:\/\/api.w.org\/{rel}","templated":true}]}}