{"id":137,"date":"2019-03-11T23:37:30","date_gmt":"2019-03-11T22:37:30","guid":{"rendered":"http:\/\/cavigalski.com\/?page_id=137"},"modified":"2025-07-05T20:19:46","modified_gmt":"2025-07-05T18:19:46","slug":"moyens-de-transport","status":"publish","type":"page","link":"http:\/\/cavigalski.com\/?page_id=137","title":{"rendered":"Moyens de transport"},"content":{"rendered":"\n<p class=\"has-text-color\" style=\"color:#ff0000\"><strong>Pour le transport des enfants et des adultes lors de nos sorties \u00e0 ISOLA 2000, et en Italie \u00e0 CAVALESE pour nos s\u00e9jours vacances de f\u00e9vrier, nous utilisons nos deux Trafic Renault de notre section, et un autocar de la soci\u00e9t\u00e9 Pulsar Tours . <br><br>Voici ci apr\u00e8s les photos de nos moyens de transport.<\/strong><\/p>\n\n\n\n<figure class=\"wp-block-gallery has-nested-images columns-1 wp-block-gallery-1 is-layout-flex wp-block-gallery-is-layout-flex\">\n<figure class=\"wp-block-image size-large\"><img loading=\"lazy\" decoding=\"async\" width=\"202\" height=\"35\" data-id=\"140\" src=\"http:\/\/cavigalski.com\/wp-content\/uploads\/2019\/03\/image001.png\" alt=\"\" class=\"wp-image-140\"\/><\/figure>\n\n\n\n<figure class=\"wp-block-image size-large\"><img loading=\"lazy\" decoding=\"async\" width=\"800\" height=\"533\" data-id=\"141\" src=\"http:\/\/cavigalski.com\/wp-content\/uploads\/2019\/03\/Img.6413.jpg\" alt=\"\" class=\"wp-image-141\" srcset=\"http:\/\/cavigalski.com\/wp-content\/uploads\/2019\/03\/Img.6413.jpg 800w, http:\/\/cavigalski.com\/wp-content\/uploads\/2019\/03\/Img.6413-300x200.jpg 300w, http:\/\/cavigalski.com\/wp-content\/uploads\/2019\/03\/Img.6413-768x512.jpg 768w\" sizes=\"(max-width: 800px) 100vw, 800px\" \/><\/figure>\n\n\n\n<figure class=\"wp-block-image size-large\"><img loading=\"lazy\" decoding=\"async\" width=\"800\" height=\"533\" data-id=\"142\" src=\"http:\/\/cavigalski.com\/wp-content\/uploads\/2019\/03\/Img_6472.jpg\" alt=\"\" class=\"wp-image-142\" srcset=\"http:\/\/cavigalski.com\/wp-content\/uploads\/2019\/03\/Img_6472.jpg 800w, http:\/\/cavigalski.com\/wp-content\/uploads\/2019\/03\/Img_6472-300x200.jpg 300w, http:\/\/cavigalski.com\/wp-content\/uploads\/2019\/03\/Img_6472-768x512.jpg 768w\" sizes=\"(max-width: 800px) 100vw, 800px\" \/><\/figure>\n\n\n\n<figure class=\"wp-block-image size-large\"><img loading=\"lazy\" decoding=\"async\" width=\"461\" height=\"307\" data-id=\"143\" src=\"http:\/\/cavigalski.com\/wp-content\/uploads\/2019\/03\/Img_6594b.jpg\" alt=\"\" class=\"wp-image-143\" srcset=\"http:\/\/cavigalski.com\/wp-content\/uploads\/2019\/03\/Img_6594b.jpg 461w, http:\/\/cavigalski.com\/wp-content\/uploads\/2019\/03\/Img_6594b-300x200.jpg 300w\" sizes=\"(max-width: 461px) 100vw, 461px\" \/><\/figure>\n\n\n\n<figure class=\"wp-block-image size-large\"><img loading=\"lazy\" decoding=\"async\" width=\"800\" height=\"533\" data-id=\"144\" src=\"http:\/\/cavigalski.com\/wp-content\/uploads\/2019\/03\/Img_6639.jpg\" alt=\"\" class=\"wp-image-144\" srcset=\"http:\/\/cavigalski.com\/wp-content\/uploads\/2019\/03\/Img_6639.jpg 800w, http:\/\/cavigalski.com\/wp-content\/uploads\/2019\/03\/Img_6639-300x200.jpg 300w, http:\/\/cavigalski.com\/wp-content\/uploads\/2019\/03\/Img_6639-768x512.jpg 768w\" sizes=\"(max-width: 800px) 100vw, 800px\" \/><\/figure>\n\n\n\n<figure class=\"wp-block-image size-full\"><img loading=\"lazy\" decoding=\"async\" width=\"1071\" height=\"755\" data-id=\"2212\" src=\"http:\/\/cavigalski.com\/wp-content\/uploads\/2025\/07\/Camion-2025-1.jpg\" alt=\"\" class=\"wp-image-2212\" srcset=\"http:\/\/cavigalski.com\/wp-content\/uploads\/2025\/07\/Camion-2025-1.jpg 1071w, http:\/\/cavigalski.com\/wp-content\/uploads\/2025\/07\/Camion-2025-1-300x211.jpg 300w, http:\/\/cavigalski.com\/wp-content\/uploads\/2025\/07\/Camion-2025-1-768x541.jpg 768w\" sizes=\"(max-width: 1071px) 100vw, 1071px\" \/><\/figure>\n\n\n\n<figure class=\"wp-block-image size-full\"><img loading=\"lazy\" decoding=\"async\" width=\"1200\" height=\"1055\" data-id=\"2213\" src=\"http:\/\/cavigalski.com\/wp-content\/uploads\/2025\/07\/Camion-2025-2.jpg\" alt=\"\" class=\"wp-image-2213\" srcset=\"http:\/\/cavigalski.com\/wp-content\/uploads\/2025\/07\/Camion-2025-2.jpg 1200w, http:\/\/cavigalski.com\/wp-content\/uploads\/2025\/07\/Camion-2025-2-300x264.jpg 300w, http:\/\/cavigalski.com\/wp-content\/uploads\/2025\/07\/Camion-2025-2-768x675.jpg 768w\" sizes=\"(max-width: 1200px) 100vw, 1200px\" \/><\/figure>\n\n\n\n<figure class=\"wp-block-image size-full\"><img loading=\"lazy\" decoding=\"async\" width=\"645\" height=\"860\" data-id=\"2214\" src=\"http:\/\/cavigalski.com\/wp-content\/uploads\/2025\/07\/Camion-2025-3.jpg\" alt=\"\" class=\"wp-image-2214\" srcset=\"http:\/\/cavigalski.com\/wp-content\/uploads\/2025\/07\/Camion-2025-3.jpg 645w, http:\/\/cavigalski.com\/wp-content\/uploads\/2025\/07\/Camion-2025-3-225x300.jpg 225w\" sizes=\"(max-width: 645px) 100vw, 645px\" \/><\/figure>\n\n\n\n<figure class=\"wp-block-image size-full\"><img loading=\"lazy\" decoding=\"async\" width=\"1200\" height=\"1600\" data-id=\"2215\" src=\"http:\/\/cavigalski.com\/wp-content\/uploads\/2025\/07\/Camion-2025-4.jpg\" alt=\"\" class=\"wp-image-2215\" srcset=\"http:\/\/cavigalski.com\/wp-content\/uploads\/2025\/07\/Camion-2025-4.jpg 1200w, http:\/\/cavigalski.com\/wp-content\/uploads\/2025\/07\/Camion-2025-4-225x300.jpg 225w, http:\/\/cavigalski.com\/wp-content\/uploads\/2025\/07\/Camion-2025-4-768x1024.jpg 768w, http:\/\/cavigalski.com\/wp-content\/uploads\/2025\/07\/Camion-2025-4-1152x1536.jpg 1152w\" sizes=\"(max-width: 1200px) 100vw, 1200px\" \/><\/figure>\n<\/figure>\n","protected":false},"excerpt":{"rendered":"<p>Pour le transport des enfants et des adultes lors de nos sorties \u00e0 ISOLA 2000, et en Italie \u00e0 CAVALESE pour nos s\u00e9jours vacances de f\u00e9vrier, nous utilisons nos deux Trafic Renault de notre section, et un autocar de la soci\u00e9t\u00e9 Pulsar Tours . Voici ci apr\u00e8s les photos de<a href=\"http:\/\/cavigalski.com\/?page_id=137\" class=\"read-more\">Read More<\/a><\/p>\n","protected":false},"author":1,"featured_media":0,"parent":0,"menu_order":0,"comment_status":"closed","ping_status":"closed","template":"","meta":{"footnotes":""},"_links":{"self":[{"href":"http:\/\/cavigalski.com\/index.php?rest_route=\/wp\/v2\/pages\/137"}],"collection":[{"href":"http:\/\/cavigalski.com\/index.php?rest_route=\/wp\/v2\/pages"}],"about":[{"href":"http:\/\/cavigalski.com\/index.php?rest_route=\/wp\/v2\/types\/page"}],"author":[{"embeddable":true,"href":"http:\/\/cavigalski.com\/index.php?rest_route=\/wp\/v2\/users\/1"}],"replies":[{"embeddable":true,"href":"http:\/\/cavigalski.com\/index.php?rest_route=%2Fwp%2Fv2%2Fcomments&post=137"}],"version-history":[{"count":7,"href":"http:\/\/cavigalski.com\/index.php?rest_route=\/wp\/v2\/pages\/137\/revisions"}],"predecessor-version":[{"id":2216,"href":"http:\/\/cavigalski.com\/index.php?rest_route=\/wp\/v2\/pages\/137\/revisions\/2216"}],"wp:attachment":[{"href":"http:\/\/cavigalski.com\/index.php?rest_route=%2Fwp%2Fv2%2Fmedia&parent=137"}],"curies":[{"name":"wp","href":"https:\/\/api.w.org\/{rel}","templated":true}]}}