{"id":173,"date":"2019-03-11T23:48:31","date_gmt":"2019-03-11T22:48:31","guid":{"rendered":"http:\/\/cavigalski.com\/?page_id=173"},"modified":"2020-01-22T16:59:08","modified_gmt":"2020-01-22T15:59:08","slug":"le-mot-du-president","status":"publish","type":"page","link":"http:\/\/cavigalski.com\/?page_id=173","title":{"rendered":"Le Mot du Pr\u00e9sident"},"content":{"rendered":"\n<div class=\"wp-block-image\"><figure class=\"aligncenter\"><img loading=\"lazy\" decoding=\"async\" width=\"233\" height=\"188\" src=\"http:\/\/cavigalski.com\/wp-content\/uploads\/2019\/03\/president.jpg\" alt=\"\" class=\"wp-image-29\"\/><\/figure><\/div>\n\n\n\n<p style=\"color:#ff0000;text-align:center\" class=\"has-text-color\"><strong>La section ski du Cavigal a pour objectif d&rsquo;initier les enfants au ski d\u00e8s l&rsquo;age de 6 ans, et \u00e9galement, de contribuer au perfectionnement des plus grands.<br><br>Dans ce but, tous les mercredis et samedis des mois de janvier \u00e0 avril, et hors vacances scolaires, le club organise des sorties de ski \u00e0 Isola 2000 pour une cinquantaine d&rsquo;enfants encadr\u00e9s par des moniteurs dipl\u00f4m\u00e9s, le d\u00e9jeuner est pris au restaurant \u00abLa Raclette\u00bb.<br><br>Pendant les vacances de f\u00e9vrier nous organisons&nbsp;deux stages d&rsquo;une semaine \u00e0 Cavalese, l&rsquo; une des plus belle et plus grande station de ski italienne.<br><\/strong><br><strong>Environ 200 personnes, enfants et adultes y participent.<br>Au cours de ce s\u00e9jour les moniteurs font appliquer par les enfants, toutes les techniques de ski inculqu\u00e9es durant les cours des mercredis et samedis \u00e0 Isola 2000.<br><br>Sportivement v\u00f4tre,<br>Le Pr\u00e9sident,<br>Andr\u00e9 Molinengo<\/strong><\/p>\n\n\n\n<div class=\"wp-block-image\"><figure class=\"aligncenter is-resized\"><img loading=\"lazy\" decoding=\"async\" src=\"http:\/\/cavigalski.com\/wp-content\/uploads\/2019\/03\/Cavigal_Ski.jpg\" alt=\"\" class=\"wp-image-512\" width=\"224\" height=\"224\" srcset=\"http:\/\/cavigalski.com\/wp-content\/uploads\/2019\/03\/Cavigal_Ski.jpg 675w, http:\/\/cavigalski.com\/wp-content\/uploads\/2019\/03\/Cavigal_Ski-150x150.jpg 150w, http:\/\/cavigalski.com\/wp-content\/uploads\/2019\/03\/Cavigal_Ski-300x300.jpg 300w\" sizes=\"(max-width: 224px) 100vw, 224px\" \/><\/figure><\/div>\n\n\n\n<p style=\"color:#ff0000;text-align:center\" class=\"has-text-color\"><strong>Une permanence de la section ski est assur\u00e9e \u00e0 partir de la mi-&nbsp;novembre, les mardis et jeudis de 14h \u00e0 19h.<br><br>Pour tous renseignements compl\u00e9mentaires :<br>Contacter le Pr\u00e9sident, Andr\u00e9 MOLINENGO <br>06 12 24 73 57<\/strong><\/p>\n\n\n\n<div class=\"wp-block-image\"><figure class=\"aligncenter is-resized\"><img loading=\"lazy\" decoding=\"async\" src=\"http:\/\/cavigalski.com\/wp-content\/uploads\/2019\/03\/fffffff-1024x718.jpg\" alt=\"\" class=\"wp-image-31\" width=\"707\" height=\"495\" srcset=\"http:\/\/cavigalski.com\/wp-content\/uploads\/2019\/03\/fffffff-1024x718.jpg 1024w, http:\/\/cavigalski.com\/wp-content\/uploads\/2019\/03\/fffffff-300x210.jpg 300w, http:\/\/cavigalski.com\/wp-content\/uploads\/2019\/03\/fffffff-768x539.jpg 768w, http:\/\/cavigalski.com\/wp-content\/uploads\/2019\/03\/fffffff.jpg 1536w\" sizes=\"(max-width: 707px) 100vw, 707px\" \/><\/figure><\/div>\n\n\n\n<p style=\"color:#ff0000;text-align:center\" class=\"has-text-color\"><strong>La section ski du Cavigal : La section ski du Cavigal, dirig\u00e9e par son pr\u00e9sident Andr\u00e9 Molinengo, a  pour but d&rsquo;initier les enfants d\u00e8s l&rsquo;\u00e2ge de 6 ans au ski et de perfectionner les plus grands. Pour cela, tous les mercredis et samedis, hors vacances scolaires de janvier \u00e0 avril, des sorties \u00e0 Isola 2000 sont organis\u00e9es avec 50 enfants qui skient de 10h \u00e0 12h30, b\u00e9n\u00e9ficient d\u2019un repas chaud au restaurant \u00abLa Raclette\u00bb, et reprennent l\u2019activit\u00e9 de 13h15 jusqu\u2019\u00e0 15h30. <br>Bonne saison \u00e0  tous ! <\/strong><\/p>\n\n\n\n<figure class=\"wp-block-embed-vimeo aligncenter wp-block-embed is-type-video is-provider-vimeo wp-embed-aspect-16-9 wp-has-aspect-ratio\"><div class=\"wp-block-embed__wrapper\">\n<iframe loading=\"lazy\" src=\"https:\/\/player.vimeo.com\/video\/60095415?dnt=1&#038;app_id=122963\" width=\"584\" height=\"329\" frameborder=\"0\" title=\"ski cavigal[1]\" allow=\"autoplay; fullscreen\" allowfullscreen><\/iframe>\n<\/div><\/figure>\n\n\n\n<figure class=\"wp-block-embed-vimeo aligncenter wp-block-embed is-type-video is-provider-vimeo wp-embed-aspect-16-9 wp-has-aspect-ratio\"><div class=\"wp-block-embed__wrapper\">\n<iframe loading=\"lazy\" src=\"https:\/\/player.vimeo.com\/video\/59724131?dnt=1&#038;app_id=122963\" width=\"584\" height=\"329\" frameborder=\"0\" title=\"CAVIGAL - Ski 2013\" allow=\"autoplay; fullscreen\" allowfullscreen><\/iframe>\n<\/div><\/figure>\n\n\n\n<div class=\"wp-block-image\"><figure class=\"aligncenter\"><img loading=\"lazy\" decoding=\"async\" width=\"307\" height=\"517\" src=\"http:\/\/cavigalski.com\/wp-content\/uploads\/2019\/03\/interview_president.gif\" alt=\"\" class=\"wp-image-36\"\/><\/figure><\/div>\n\n\n\n<figure class=\"wp-block-image\"><img loading=\"lazy\" decoding=\"async\" width=\"739\" height=\"1600\" src=\"http:\/\/cavigalski.com\/wp-content\/uploads\/2020\/01\/IMG-20200121-WA0000.jpg\" alt=\"\" class=\"wp-image-924\" srcset=\"http:\/\/cavigalski.com\/wp-content\/uploads\/2020\/01\/IMG-20200121-WA0000.jpg 739w, http:\/\/cavigalski.com\/wp-content\/uploads\/2020\/01\/IMG-20200121-WA0000-139x300.jpg 139w\" sizes=\"(max-width: 739px) 100vw, 739px\" \/><\/figure>\n","protected":false},"excerpt":{"rendered":"<p>La section ski du Cavigal a pour objectif d&rsquo;initier les enfants au ski d\u00e8s l&rsquo;age de 6 ans, et \u00e9galement, de contribuer au perfectionnement des plus grands. Dans ce but, tous les mercredis et samedis des mois de janvier \u00e0 avril, et hors vacances scolaires, le club organise des sorties<a href=\"http:\/\/cavigalski.com\/?page_id=173\" class=\"read-more\">Read More<\/a><\/p>\n","protected":false},"author":1,"featured_media":0,"parent":0,"menu_order":0,"comment_status":"closed","ping_status":"closed","template":"","meta":{"footnotes":""},"_links":{"self":[{"href":"http:\/\/cavigalski.com\/index.php?rest_route=\/wp\/v2\/pages\/173"}],"collection":[{"href":"http:\/\/cavigalski.com\/index.php?rest_route=\/wp\/v2\/pages"}],"about":[{"href":"http:\/\/cavigalski.com\/index.php?rest_route=\/wp\/v2\/types\/page"}],"author":[{"embeddable":true,"href":"http:\/\/cavigalski.com\/index.php?rest_route=\/wp\/v2\/users\/1"}],"replies":[{"embeddable":true,"href":"http:\/\/cavigalski.com\/index.php?rest_route=%2Fwp%2Fv2%2Fcomments&post=173"}],"version-history":[{"count":30,"href":"http:\/\/cavigalski.com\/index.php?rest_route=\/wp\/v2\/pages\/173\/revisions"}],"predecessor-version":[{"id":925,"href":"http:\/\/cavigalski.com\/index.php?rest_route=\/wp\/v2\/pages\/173\/revisions\/925"}],"wp:attachment":[{"href":"http:\/\/cavigalski.com\/index.php?rest_route=%2Fwp%2Fv2%2Fmedia&parent=173"}],"curies":[{"name":"wp","href":"https:\/\/api.w.org\/{rel}","templated":true}]}}