{"id":26,"date":"2019-03-11T22:13:26","date_gmt":"2019-03-11T21:13:26","guid":{"rendered":"http:\/\/cavigalski.com\/?page_id=26"},"modified":"2023-07-22T12:50:57","modified_gmt":"2023-07-22T10:50:57","slug":"historique-du-club","status":"publish","type":"page","link":"http:\/\/cavigalski.com\/?page_id=26","title":{"rendered":"Historique du Club"},"content":{"rendered":"\n<p class=\"has-text-align-center has-text-color\" style=\"color:#ff0000\"> <strong>Certains dirigeants de notre club amateur, soucieux de mettre la jeunesse de l&rsquo;\u00e9poque \u00e0 l&rsquo;abri d&rsquo;une vie d\u00e9sordonn\u00e9e, comprirent que s&rsquo;ils voulaient survivre, ils devaient se marier. Les relations amicales qu&rsquo;entretenaient les dirigeants de l&rsquo; A.S. CASINO, de la VICTORINE et du GALLIA les conduisirent \u00e0 envisager la r\u00e9union des trois clubs. La solution fut vite trouv\u00e9e, il suffisait d&rsquo;assembler la premi\u00e8re syllabe de chacun des trois clubs.<\/strong><\/p>\n\n\n\n<p class=\"has-text-align-center\"><strong>A.S. <font color=\"red\">CA<\/font>SINO<\/strong><br><strong>LA <font color=\"red\">VI<\/font>CTORINE<br>LE <font color=\"red\">GAL<\/font>LIA<\/strong><\/p>\n\n\n\n<p class=\"has-text-align-center has-text-color\" style=\"color:#ff0000\"><strong>Ainsi naquit en 1943, le CAVIGAL de NICE. 1955 nouvelle \u00e9tape&#8230; Ce fut la fusion avec la section Basket de Nice Sport, qui venait d&rsquo;obtenir de brillants r\u00e9sultats sportifs et tout naturellement le nouveau club s&rsquo;appela : CAVIGAL NICE SPORTS. Les couleurs de repr\u00e9sentation du club sont le rouge et le noir. Neufs pr\u00e9sidents se sont succ\u00e9d\u00e9s pour diriger le club. <\/strong><\/p>\n\n\n\n<div class=\"wp-block-image\"><figure class=\"aligncenter\"><img loading=\"lazy\" decoding=\"async\" width=\"243\" height=\"300\" src=\"http:\/\/cavigalski.com\/wp-content\/uploads\/2019\/03\/diego-1-243x300.jpg\" alt=\"\" class=\"wp-image-34\" srcset=\"http:\/\/cavigalski.com\/wp-content\/uploads\/2019\/03\/diego-1-243x300.jpg 243w, http:\/\/cavigalski.com\/wp-content\/uploads\/2019\/03\/diego-1.jpg 696w\" sizes=\"(max-width: 243px) 100vw, 243px\" \/><figcaption><strong>Diego Noto, actuel pr\u00e9sident du CAVIGAL<\/strong><\/figcaption><\/figure><\/div>\n\n\n\n<p class=\"has-text-align-center has-text-color\" style=\"color:#ff0000\"><strong>Notre club omnisports compte 12 sections, ind\u00e9pendantes les unes des autres. Le conseil d&rsquo;administration accompagne chaque pr\u00e9sident et son comit\u00e9 directeur. Il assure la liaison entre toutes les sections et permet ainsi \u00e0 chacun d&rsquo;obtenir les meilleurs r\u00e9sultats tant sur le plan humain que sportif.<\/strong><br><br><strong>Le Cavigal s&rsquo;attache \u00e0 d\u00e9montrer que le sport est l&rsquo;\u00e9cole de la vie, o\u00f9 le travail, le s\u00e9rieux, l&rsquo;application et la concentration sont les \u00e9l\u00e9ments essentiels de la r\u00e9ussite. L&rsquo;objectif de tous est avant tout de conduire chaque jeune, pour toute sa vie, \u00e0 aimer le go\u00fbt de l\u2019effort pour construire son corps, son esprit, son intelligence, son caract\u00e8re, dans le cadre d&rsquo;une formation de chaque instant, avec ses obligations et ses contraintes. La r\u00e9ussite du Cavigal repose sur l&rsquo;aide pr\u00e9pond\u00e9rante de b\u00e9n\u00e9voles mais aussi de techniciens pour la formation sp\u00e9cifique, et de tous ceux qui dans l&rsquo;ombre accompagnent, secondent, rendent compte et participent \u00e0 toutes les activit\u00e9s sportives tout au long de l&rsquo;ann\u00e9e.<\/strong><br><br><br><\/p>\n\n\n\n<h1 class=\"wp-block-heading\">Historique de la section Ski<\/h1>\n\n\n\n<p class=\"has-text-align-center has-text-color\" style=\"color:#ff0000\"><strong>La section Ski du Cavigal Nice Sports a \u00e9t\u00e9 cr\u00e9\u00e9e le 11 juin 1979 sur d\u00e9cision du Comit\u00e9 Directeur et du Conseil d&rsquo;Administration.<br>Elle a pour objet l&rsquo;initiation et la pratique du ski.<br>La section est affili\u00e9e \u00e0 la F\u00e9d\u00e9ration Fran\u00e7aise de ski depuis le 6 juillet 1979.<\/strong><br><br><strong>Sous la pr\u00e9sidence de Monsieur Paul MORATI a \u00e9t\u00e9 mis en place :<\/strong><br><strong>&#8211; Les mercredis scolaires visant l&rsquo;initiation des d\u00e9butants jusqu&rsquo;\u00e0 la comp\u00e9tition. <\/strong><br><strong>&#8211; Une section comp\u00e9tition regroupant coureurs et espoirs. <\/strong><br><br><strong>En 1983, Monsieur Charles BARBERIS lui succ\u00e8de, jusqu&rsquo;en 1986.<br>Durant son mandat la section va connaitre des jours heureux avec de brillants comp\u00e9titeurs, dont son fils, Christian BARBERIS qui remporta de nombreuses victoires et couru en \u00e9quipe de France citadine.<br>A la suite de quoi, il occupera le poste d&rsquo;entraineur pour les jeunes coureurs du Cavigal Ski et ce jusqu&rsquo;en 1987.<\/strong><br><br><strong>En 1986 Madame Ren\u00e9e BARBERIS prend la suite de son \u00e9poux, assurant la pr\u00e9sidence jusqu&rsquo;en 1992, second\u00e9e par Monsieur Andr\u00e9 MOLINENGO. <\/strong><br><br><strong>En 1988, Monsieur Jean Jacques BLUM, entra\u00eeneur national, prend la rel\u00e8ve \u00e0 la t\u00eate de l\u2019\u00e9quipe comp\u00e9tition jusqu&rsquo;en 1995, date \u00e0 laquelle nous arr\u00eatons la comp\u00e9tition, sur la demande de Monsieur le Maire. Nous passons un accord avec Inter club, avec qui nous entretenons des relations amicales.<\/strong><br><strong>Quand nous d\u00e9celons du talent chez un de nos skieurs, nous le dirigeons vers Inter club et son pr\u00e9sident Monsieur Paul RAYBAUD. De son c\u00f4t\u00e9, quand il trouve de jeunes skieurs en manque de technique, il nous les envoie.<\/strong><br><br><strong>Lors de l&rsquo;Assembl\u00e9e G\u00e9n\u00e9rale du 9 d\u00e9cembre 1992, un nouveau Comit\u00e9 Directeur est \u00e9lu :<\/strong><\/p>\n\n\n\n<div class=\"wp-block-image\"><figure class=\"aligncenter\"><img loading=\"lazy\" decoding=\"async\" width=\"201\" height=\"300\" src=\"http:\/\/cavigalski.com\/wp-content\/uploads\/2019\/03\/CONVAR22-201x300.jpg\" alt=\"\" class=\"wp-image-81\" srcset=\"http:\/\/cavigalski.com\/wp-content\/uploads\/2019\/03\/CONVAR22-201x300.jpg 201w, http:\/\/cavigalski.com\/wp-content\/uploads\/2019\/03\/CONVAR22.jpg 500w\" sizes=\"(max-width: 201px) 100vw, 201px\" \/><figcaption>A<strong>ndr\u00e9 Molinengo<\/strong><\/figcaption><\/figure><\/div>\n\n\n\n<p class=\"has-text-align-center has-text-color\" style=\"color:#ff0000\"><strong>Mr Andr\u00e9 MOLINENGO &#8211; Pr\u00e9sident<br>Mr Michel TALLONE &#8211; Vice Pr\u00e9sident<br>Mme M BIEOU &#8211; Tr\u00e9sori\u00e8re<br>Mr Guy ARMAN &#8211; Secr\u00e9taire<br>Mr Daniel BATTAGLINI &#8211; Responsable des moniteurs<\/strong><br><strong>Ainsi que 5 autres membres : Mmes MOLINENGO et POLLINO, et Mrs BIEOU, PONTOIRE et PLAZA<\/strong><br><br><strong>A ce jour, le bureau se compose de :<\/strong><br><br><strong>Mr Andr\u00e9 MOLINENGO &#8211; Pr\u00e9sident<br>Mr Arnaud STEINER &#8211; Vice Pr\u00e9sident et  <strong>Secr\u00e9taire<\/strong> <br>Mme Janine MOLINENGO &#8211; Tr\u00e9sori\u00e8re<\/strong><\/p>\n","protected":false},"excerpt":{"rendered":"<p>Certains dirigeants de notre club amateur, soucieux de mettre la jeunesse de l&rsquo;\u00e9poque \u00e0 l&rsquo;abri d&rsquo;une vie d\u00e9sordonn\u00e9e, comprirent que s&rsquo;ils voulaient survivre, ils devaient se marier. Les relations amicales qu&rsquo;entretenaient les dirigeants de l&rsquo; A.S. CASINO, de la VICTORINE et du GALLIA les conduisirent \u00e0 envisager la r\u00e9union des<a href=\"http:\/\/cavigalski.com\/?page_id=26\" class=\"read-more\">Read More<\/a><\/p>\n","protected":false},"author":1,"featured_media":0,"parent":0,"menu_order":0,"comment_status":"closed","ping_status":"closed","template":"","meta":{"footnotes":""},"_links":{"self":[{"href":"http:\/\/cavigalski.com\/index.php?rest_route=\/wp\/v2\/pages\/26"}],"collection":[{"href":"http:\/\/cavigalski.com\/index.php?rest_route=\/wp\/v2\/pages"}],"about":[{"href":"http:\/\/cavigalski.com\/index.php?rest_route=\/wp\/v2\/types\/page"}],"author":[{"embeddable":true,"href":"http:\/\/cavigalski.com\/index.php?rest_route=\/wp\/v2\/users\/1"}],"replies":[{"embeddable":true,"href":"http:\/\/cavigalski.com\/index.php?rest_route=%2Fwp%2Fv2%2Fcomments&post=26"}],"version-history":[{"count":18,"href":"http:\/\/cavigalski.com\/index.php?rest_route=\/wp\/v2\/pages\/26\/revisions"}],"predecessor-version":[{"id":2095,"href":"http:\/\/cavigalski.com\/index.php?rest_route=\/wp\/v2\/pages\/26\/revisions\/2095"}],"wp:attachment":[{"href":"http:\/\/cavigalski.com\/index.php?rest_route=%2Fwp%2Fv2%2Fmedia&parent=26"}],"curies":[{"name":"wp","href":"https:\/\/api.w.org\/{rel}","templated":true}]}}