{"id":310,"date":"2019-03-12T00:34:34","date_gmt":"2019-03-11T23:34:34","guid":{"rendered":"http:\/\/cavigalski.com\/?page_id=310"},"modified":"2026-02-15T15:06:01","modified_gmt":"2026-02-15T14:06:01","slug":"les-mercredis-a-isola-2000","status":"publish","type":"page","link":"http:\/\/cavigalski.com\/?page_id=310","title":{"rendered":"Les Mercredis \u00e0 Isola 2000"},"content":{"rendered":"\n<p class=\"has-text-align-center has-text-color\" style=\"color:#ff0000\"><strong>Le CAVIGAL vous propose pour cette saison des sorties de ski pour enfants et adultes tous les mercredis hors vacances scolaires sur la station d&rsquo;Isola 2000.<br>Les prix de la sortie est de 65,00 \u20ac pour les adultes et 60,00 \u20ac pour les enfants, comprenant le transport, le forfait, l&rsquo;encadrement par des moniteurs dipl\u00f4m\u00e9s, ainsi que le repas chaud au restaurant \u00ab\u00a0La Raclette\u00a0\u00bb. <br>Les sorties sont aussi propos\u00e9es les samedis, allez voir la page correspondante sur ce site.<\/strong><\/p>\n\n\n\n<p class=\"has-text-align-center has-text-color has-medium-font-size\" style=\"color:#ff0000\"><strong><em>Casque obligatoire pour les enfants.<\/em><\/strong><\/p>\n\n\n\n<p class=\"has-text-align-center has-text-color\" style=\"color:#ff0000\"> <strong>Assurance Carte neige FFS ou FSGT obligatoire pour tous les participants. <\/strong><\/p>\n\n\n\n<h3 class=\"wp-block-heading\">Calendrier des sorties du mercredi \u00e0 Isola 2000<\/h3>\n\n\n\n<figure class=\"wp-block-table aligncenter is-style-regular\"><table class=\"has-background has-fixed-layout\" style=\"background-color:#fcf0ef\"><tbody><tr><td><strong>Janvier<\/strong> <strong>2025<\/strong><\/td><td><strong>F\u00e9vrier<\/strong> <strong>2025<\/strong><\/td><td><strong>Mars<\/strong> <strong>2025<\/strong><\/td><td><strong>Avril<\/strong> <strong>2025<\/strong><\/td><\/tr><tr><td>Mercredi 8<\/td><td>Mercredi 4<\/td><td>Mercredi 4<\/td><td>Mercredi 1 <\/td><\/tr><tr><td>Mercredi 15<\/td><td>Mercredi 11<\/td><td>Mercredi 11<\/td><td><\/td><\/tr><tr><td>Mercredi 22<\/td><td><\/td><td>Mercredi 18<\/td><td><\/td><\/tr><tr><td>Mercredi 29<\/td><td><\/td><td>Mercredi 25<\/td><td><\/td><\/tr><\/tbody><\/table><\/figure>\n\n\n\n<h3 class=\"wp-block-heading\"><br>Modalit\u00e9s :<\/h3>\n\n\n\n<p class=\"has-text-align-center has-text-color\" style=\"color:#ff0000\"><strong>Horaires de d\u00e9part : 7h00 du Club &#8211; 7h30 \u00e0 la Manda<br>Horaires de retour : 17h30 \u00e0 la Manda &#8211; 18h00 au Club<br>Les inscriptions s&rsquo;effectueront les mardis, veilles des sorties, avant 14h00, par mail aux adresses suivantes :<\/strong><\/p>\n\n\n\n<p class=\"has-text-align-center has-medium-font-size\"><a href=\"mailto:skicavigal@orange.fr\"><strong>skicavigal@orange.fr<\/strong><\/a><strong><br><\/strong><a href=\"mailto:andremolinengo@hotmail.com\"><strong>andremolinengo@hotmail.com<\/strong><\/a><br> <a href=\"mailto:arnaudsteiner@yahoo.fr\"><strong>arnaudsteiner@yahoo.fr<\/strong><\/a> <\/p>\n\n\n\n<p class=\"has-text-align-center has-text-color\" style=\"color:#ff0000\"><strong>Ou par t\u00e9l\u00e9phone au :<br>06.12.24.73.57 Andr\u00e9 MOLINENGO<\/strong><\/p>\n\n\n\n<figure class=\"wp-block-image\"><img loading=\"lazy\" decoding=\"async\" width=\"1024\" height=\"768\" src=\"http:\/\/cavigalski.com\/wp-content\/uploads\/2019\/03\/7997be4e-1-1024x768.jpg\" alt=\"\" class=\"wp-image-522\" srcset=\"http:\/\/cavigalski.com\/wp-content\/uploads\/2019\/03\/7997be4e-1.jpg 1024w, http:\/\/cavigalski.com\/wp-content\/uploads\/2019\/03\/7997be4e-1-300x225.jpg 300w, http:\/\/cavigalski.com\/wp-content\/uploads\/2019\/03\/7997be4e-1-768x576.jpg 768w\" sizes=\"(max-width: 1024px) 100vw, 1024px\" \/><figcaption class=\"wp-element-caption\"> <br><strong>La raclette <\/strong><\/figcaption><\/figure>\n","protected":false},"excerpt":{"rendered":"<p>Le CAVIGAL vous propose pour cette saison des sorties de ski pour enfants et adultes tous les mercredis hors vacances scolaires sur la station d&rsquo;Isola 2000.Les prix de la sortie est de 65,00 \u20ac pour les adultes et 60,00 \u20ac pour les enfants, comprenant le transport, le forfait, l&rsquo;encadrement par<a href=\"http:\/\/cavigalski.com\/?page_id=310\" class=\"read-more\">Read More<\/a><\/p>\n","protected":false},"author":1,"featured_media":0,"parent":0,"menu_order":0,"comment_status":"closed","ping_status":"closed","template":"","meta":{"footnotes":""},"_links":{"self":[{"href":"http:\/\/cavigalski.com\/index.php?rest_route=\/wp\/v2\/pages\/310"}],"collection":[{"href":"http:\/\/cavigalski.com\/index.php?rest_route=\/wp\/v2\/pages"}],"about":[{"href":"http:\/\/cavigalski.com\/index.php?rest_route=\/wp\/v2\/types\/page"}],"author":[{"embeddable":true,"href":"http:\/\/cavigalski.com\/index.php?rest_route=\/wp\/v2\/users\/1"}],"replies":[{"embeddable":true,"href":"http:\/\/cavigalski.com\/index.php?rest_route=%2Fwp%2Fv2%2Fcomments&post=310"}],"version-history":[{"count":36,"href":"http:\/\/cavigalski.com\/index.php?rest_route=\/wp\/v2\/pages\/310\/revisions"}],"predecessor-version":[{"id":2239,"href":"http:\/\/cavigalski.com\/index.php?rest_route=\/wp\/v2\/pages\/310\/revisions\/2239"}],"wp:attachment":[{"href":"http:\/\/cavigalski.com\/index.php?rest_route=%2Fwp%2Fv2%2Fmedia&parent=310"}],"curies":[{"name":"wp","href":"https:\/\/api.w.org\/{rel}","templated":true}]}}