{"id":97,"date":"2019-03-11T23:16:50","date_gmt":"2019-03-11T22:16:50","guid":{"rendered":"http:\/\/cavigalski.com\/?page_id=97"},"modified":"2023-07-22T12:49:14","modified_gmt":"2023-07-22T10:49:14","slug":"contacts","status":"publish","type":"page","link":"http:\/\/cavigalski.com\/?page_id=97","title":{"rendered":"Contacts"},"content":{"rendered":"\n<div class=\"wp-block-image\"><figure class=\"aligncenter is-resized\"><img loading=\"lazy\" decoding=\"async\" src=\"http:\/\/cavigalski.com\/wp-content\/uploads\/2019\/03\/Cavigal_Ski.jpg\" alt=\"\" class=\"wp-image-512\" width=\"450\" height=\"450\" srcset=\"http:\/\/cavigalski.com\/wp-content\/uploads\/2019\/03\/Cavigal_Ski.jpg 675w, http:\/\/cavigalski.com\/wp-content\/uploads\/2019\/03\/Cavigal_Ski-150x150.jpg 150w, http:\/\/cavigalski.com\/wp-content\/uploads\/2019\/03\/Cavigal_Ski-300x300.jpg 300w\" sizes=\"(max-width: 450px) 100vw, 450px\" \/><\/figure><\/div>\n\n\n\n<p class=\"has-text-align-center has-text-color\" style=\"color:#ff0000\"><strong>Si\u00e8ge du CAVIGAL :<\/strong><br>2, rue El Nouzah<br>06000 Nice<br><strong>Tel :<\/strong> 04 93 13 48 50   <strong>       Mail :<\/strong> skicavigal@orange.fr<br><br><strong>Pr\u00e9sident :<\/strong><br>Andr\u00e9 MOLINENGO<br>36, boulevard St Roch<br>06300 Nice<br><strong>Portable :<\/strong> 06 12 24 73 57   <strong>     Mail :<\/strong> andremolinengo@hotmail.com<br><br><strong>Vice Pr\u00e9sident :<\/strong><br>Arnaud STEINER<br>265 chemin de la Fontaine de Jean Suche<br>06480 La Colle sur Loup<br><strong>Portable :<\/strong> 06 27 38 17 02  <strong>     Mail :<\/strong> arnaudsteiner@yahoo.fr<\/p>\n","protected":false},"excerpt":{"rendered":"<p>Si\u00e8ge du CAVIGAL :2, rue El Nouzah06000 NiceTel : 04 93 13 48 50 Mail : skicavigal@orange.fr Pr\u00e9sident :Andr\u00e9 MOLINENGO36, boulevard St Roch06300 NicePortable : 06 12 24 73 57 Mail : andremolinengo@hotmail.com Vice Pr\u00e9sident :Arnaud STEINER265 chemin de la Fontaine de Jean Suche06480 La Colle sur LoupPortable : 06<a href=\"http:\/\/cavigalski.com\/?page_id=97\" class=\"read-more\">Read More<\/a><\/p>\n","protected":false},"author":1,"featured_media":0,"parent":0,"menu_order":0,"comment_status":"closed","ping_status":"closed","template":"","meta":{"footnotes":""},"_links":{"self":[{"href":"http:\/\/cavigalski.com\/index.php?rest_route=\/wp\/v2\/pages\/97"}],"collection":[{"href":"http:\/\/cavigalski.com\/index.php?rest_route=\/wp\/v2\/pages"}],"about":[{"href":"http:\/\/cavigalski.com\/index.php?rest_route=\/wp\/v2\/types\/page"}],"author":[{"embeddable":true,"href":"http:\/\/cavigalski.com\/index.php?rest_route=\/wp\/v2\/users\/1"}],"replies":[{"embeddable":true,"href":"http:\/\/cavigalski.com\/index.php?rest_route=%2Fwp%2Fv2%2Fcomments&post=97"}],"version-history":[{"count":12,"href":"http:\/\/cavigalski.com\/index.php?rest_route=\/wp\/v2\/pages\/97\/revisions"}],"predecessor-version":[{"id":2093,"href":"http:\/\/cavigalski.com\/index.php?rest_route=\/wp\/v2\/pages\/97\/revisions\/2093"}],"wp:attachment":[{"href":"http:\/\/cavigalski.com\/index.php?rest_route=%2Fwp%2Fv2%2Fmedia&parent=97"}],"curies":[{"name":"wp","href":"https:\/\/api.w.org\/{rel}","templated":true}]}}